{"id":792,"date":"2020-09-26T17:02:39","date_gmt":"2020-09-26T16:02:39","guid":{"rendered":"http:\/\/www.dupoirier.com\/?page_id=792"},"modified":"2023-10-10T15:43:16","modified_gmt":"2023-10-10T14:43:16","slug":"souvenirs-de-barbizon","status":"publish","type":"page","link":"https:\/\/www.dupoirier.com\/?page_id=792","title":{"rendered":"SOUVENIRS DE BARBIZON"},"content":{"rendered":"\n<p>\u00ab\u00a0Souvenirs de Barbizon\u00a0\u00bb est un travail r\u00e9alis\u00e9 au cours des six premiers mois de l&rsquo;ann\u00e9e 2020. C&rsquo;est un travail de m\u00e9moire, loin de Barbizon et de la for\u00eat de Fontainebleau. Il en r\u00e9sulte des \u0153uvres de transcriptions d&rsquo;\u00e9motions pass\u00e9es qui \u00e0 nouveau ont cr\u00e9\u00e9 une perception du pr\u00e9sent. Il s&rsquo;agit de paysages qui naissent dans un temps long, d&rsquo;effacements des choses et de l&rsquo;\u00e9tonnement de sensations rev\u00e9cues.<\/p>\n\n\n\n<p>Exposition Galerie 39, Barbizon 2020.<\/p>\n\n\n<table style=\"border-collapse: collapse; width: 100%;\" border=\"1\">\n<tbody>\n<tr>\n<td style=\"width: 33.3333%;\">\n<p><img loading=\"lazy\" decoding=\"async\" class=\"\" src=\"https:\/\/www.dupoirier.com\/wp-content\/uploads\/2020\/10\/AST_2020_7_F20_Vent-frais-et-ciel-clair-855x1024.jpg\" width=\"197\" height=\"235\"><\/p>\n<p style=\"text-align: center;\"><span style=\"font-size: 10pt; font-family: helvetica, arial, sans-serif;\">Vent frais et ciel clair, 2020<\/span><br><span style=\"font-size: 10pt; font-family: helvetica, arial, sans-serif;\">Acrylique sur toile, 73 x 60 cm<\/span><\/p>\n<\/td>\n<td style=\"width: 33.3333%;\">\n<p><img loading=\"lazy\" decoding=\"async\" class=\"aligncenter\" src=\"https:\/\/www.dupoirier.com\/wp-content\/uploads\/2020\/10\/AST_2020_3_F9_Entre-deux-lumieres-812x1024.jpg\" width=\"149\" height=\"188\"><\/p>\n<p style=\"text-align: center;\"><span style=\"font-family: helvetica, arial, sans-serif; font-size: 10pt;\">Entre deux lumi\u00e8res 2020<\/span><br><span style=\"font-family: helvetica, arial, sans-serif; font-size: 10pt;\">Acrylique sur toile 50 x 40 cm<\/span><\/p>\n<p><\/p>\n<\/td>\n<td style=\"width: 33.3333%; text-align: center;\">\n<p><span style=\"font-family: inherit; font-weight: inherit;\"><span style=\"font-size: 10pt; font-family: helvetica, arial, sans-serif;\"><img loading=\"lazy\" decoding=\"async\" class=\"\" src=\"https:\/\/www.dupoirier.com\/wp-content\/uploads\/2020\/10\/AST_2020_5_P20_La-ou-souvre-le-chemin-768x1024.jpg\" width=\"177\" height=\"236\"><\/span><\/span><\/p>\n<p><span style=\"font-family: helvetica, arial, sans-serif; font-size: 10pt;\">L\u00e0, o\u00f9 s&rsquo;ouvre le chemin 2020<\/span><br><span style=\"font-family: helvetica, arial, sans-serif; font-size: 10pt;\">Acrylique sur toile 73 x 54 cm<\/span><\/p>\n<\/td>\n<\/tr>\n<tr>\n<td style=\"width: 33.3333%;\">\n<p><img decoding=\"async\" src=\"https:\/\/www.dupoirier.com\/wp-content\/uploads\/2020\/10\/ASP_2020_29_36x30-860x1024.jpg\"><\/p>\n<p style=\"text-align: center;\"><span style=\"font-size: 10pt; font-family: helvetica, arial, sans-serif;\">D\u00e9j\u00e0 l&rsquo;automne 2020<br>Acrylique sur papier, 36 x 30 cm<\/span><\/p>\n<\/td>\n<td style=\"width: 33.3333%;\">\n<p><img decoding=\"async\" src=\"https:\/\/www.dupoirier.com\/wp-content\/uploads\/2020\/10\/ASP_2020_37_30x40_Portrait-du-grand-chene-1024x775.jpg\"><\/p>\n<p style=\"text-align: center;\"><span style=\"font-family: helvetica, arial, sans-serif;\"><span style=\"font-size: 10pt;\">Portrait du grand ch\u00eane 2020<br><\/span><span style=\"font-size: 10pt;\">Acrylique sur papier, 30 x 40 cm<\/span><\/span><\/p>\n<\/td>\n<td style=\"width: 33.3333%;\">\n<p><img decoding=\"async\" src=\"https:\/\/www.dupoirier.com\/wp-content\/uploads\/2020\/10\/ASP_2020_36_32x25-778x1024.jpg\"><\/p>\n<p style=\"text-align: center;\"><span style=\"font-size: 10pt; font-family: helvetica, arial, sans-serif;\">Fra\u00eecheur du sous-bois 2020<br>Acrylique sur papier, 32 x 25 cm<\/span><\/p>\n<\/td>\n<\/tr>\n<\/tbody>\n<\/table>","protected":false},"excerpt":{"rendered":"<p>\u00ab\u00a0Souvenirs de Barbizon\u00a0\u00bb est un travail r\u00e9alis\u00e9 au cours des six premiers mois de l&rsquo;ann\u00e9e 2020. C&rsquo;est un travail de m\u00e9moire, loin de Barbizon et de la for\u00eat de Fontainebleau. Il en r\u00e9sulte des \u0153uvres de transcriptions d&rsquo;\u00e9motions pass\u00e9es qui \u00e0 nouveau ont cr\u00e9\u00e9 une perception du pr\u00e9sent. Il s&rsquo;agit de paysages qui naissent dans [&hellip;]<\/p>\n","protected":false},"author":1,"featured_media":0,"parent":0,"menu_order":3,"comment_status":"closed","ping_status":"closed","template":"","meta":{"footnotes":""},"class_list":["post-792","page","type-page","status-publish","hentry"],"_links":{"self":[{"href":"https:\/\/www.dupoirier.com\/index.php?rest_route=\/wp\/v2\/pages\/792","targetHints":{"allow":["GET"]}}],"collection":[{"href":"https:\/\/www.dupoirier.com\/index.php?rest_route=\/wp\/v2\/pages"}],"about":[{"href":"https:\/\/www.dupoirier.com\/index.php?rest_route=\/wp\/v2\/types\/page"}],"author":[{"embeddable":true,"href":"https:\/\/www.dupoirier.com\/index.php?rest_route=\/wp\/v2\/users\/1"}],"replies":[{"embeddable":true,"href":"https:\/\/www.dupoirier.com\/index.php?rest_route=%2Fwp%2Fv2%2Fcomments&post=792"}],"version-history":[{"count":28,"href":"https:\/\/www.dupoirier.com\/index.php?rest_route=\/wp\/v2\/pages\/792\/revisions"}],"predecessor-version":[{"id":868,"href":"https:\/\/www.dupoirier.com\/index.php?rest_route=\/wp\/v2\/pages\/792\/revisions\/868"}],"wp:attachment":[{"href":"https:\/\/www.dupoirier.com\/index.php?rest_route=%2Fwp%2Fv2%2Fmedia&parent=792"}],"curies":[{"name":"wp","href":"https:\/\/api.w.org\/{rel}","templated":true}]}}