{"id":118,"date":"2014-10-01T18:36:16","date_gmt":"2014-10-01T17:36:16","guid":{"rendered":"http:\/\/www.dupoirier.com\/?page_id=118"},"modified":"2025-10-13T18:27:59","modified_gmt":"2025-10-13T17:27:59","slug":"expo","status":"publish","type":"page","link":"https:\/\/www.dupoirier.com\/?page_id=118","title":{"rendered":"EXPOSITIONS"},"content":{"rendered":"<p style=\"text-align: left;\">2012 &#8211; \u00ab\u00a028\u00e8me Salon des peintres et sculpteurs de Paris 15eme\u00a0\u00bb<br \/>2013 &#8211; \u00ab\u00a0Horizons lointains\u00a0\u00bb, Exposition personnelle, Arcadi Paris<br \/>2013 &#8211; \u00ab\u00a0Rencontres \u00e9ph\u00e9m\u00e8res\u00a0\u00bb, Exposition collective, Alba la Romaine (Ard\u00e8che)<br \/>2013 &#8211; \u00ab\u00a029\u00e8me Salon des peintres et sculpteurs de Paris 15eme\u00a0\u00bb<br \/><span style=\"line-height: 1.5;\">2014 &#8211; \u00ab\u00a028<span style=\"font-size: 10pt;\">\u00e8me<\/span> Rencontres des peintres\u00a0\u00bb, Exposition collective, Saint-C\u00e9neri-le-G\u00e9rei (Orne)<br \/><\/span><span style=\"line-height: 1.5;\">2015 &#8211; \u00ab\u00a019<span style=\"font-size: 10pt;\">\u00e8me<\/span> March\u00e9 d&rsquo;art contemporain\u00a0\u00bb, Exposition collective, La Perri\u00e8re (Orne)<br \/>2015 &#8211; \u00ab\u00a0March\u00e9 d&rsquo;art contemporain\u00a0\u00bb, Exposition collective, Besse (Dordogne)<br \/>2015 &#8211; \u00ab\u00a030\u00e8me Salon des peintres et sculpteurs de Paris 15eme\u00a0\u00bb<br \/><\/span>2016 &#8211; \u00ab\u00a0March\u00e9 d&rsquo;art contemporain\u00a0\u00bb, Exposition collective, Besse (Dordogne)<br \/>2017 &#8211; \u00ab\u00a031<span style=\"font-size: 10pt;\">\u00e8me<\/span> Rencontres des peintres\u00a0\u00bb, Exposition collective, Saint-C\u00e9neri-le-G\u00e9rei (Orne)<br \/>2017 &#8211; \u00ab\u00a0March\u00e9 d&rsquo;art de Besse\u00a0\u00bb, Exposition collective, Besse (Dordogne)<br \/>2017 &#8211; \u00ab\u00a0Penne&rsquo;Art\u00a0\u00bb, Exposition collective, Penne d&rsquo;Agenais (Lot et Garonne)<br \/>2018 &#8211; \u00ab\u00a0Art dans les chapelles du L\u00e9on\u00a0\u00bb Exposition personnelle, Chapelle Sainte-Marguerite Land\u00e9da (Finist\u00e8re)<br \/>2019 &#8211;\u00a0 \u00ab\u00a0Paysages d&rsquo;ici et d&rsquo;ailleurs\u00a0\u00bb Exposition personnelle, Galerie 39, Barbizon (Seine et Marne)<br \/>2020 &#8211; \u00ab\u00a0Souvenirs de Barbizon\u00a0\u00bb Exposition personnelle, Galerie 39, Barbizon (Seine et Marne)<br \/>2021 &#8211; \u00ab\u00a0Artistes dans les rues de Monsempron\u00a0\u00bb, (Lot et Garonne)<br \/>2021 &#8211; \u00ab\u00a0Fragments de paysages\u00a0\u00bb Exposition personnelle, Galerie 39, Barbizon (Seine et Marne)<br \/>2021 &#8211; \u00ab\u00a0Acad\u00e9mie Boitiat\u00a0\u00bb Exposition collective, Salle des f\u00eates Marc Jacquet, Barbizon (Seine et Marne)<br \/>2021 &#8211; \u00ab\u00a033\u00e8me Salon des peintres et sculpteurs de Paris 15eme\u00a0\u00bb<br \/>2022 &#8211; \u00ab\u00a0Sur le chemin\u00a0\u00bb Exposition personnelle, Galerie 39, Barbizon (Seine et Marne)<br \/>2023 &#8211; \u00ab\u00a0Les invisibles\u00a0\u00bb Exposition collective des Ateliers de la ville de Paris<br \/>2023 &#8211; \u00ab\u00a0Portes ouvertes\u00a0\u00bb Exposition collective, Le Qu4tre, Cit\u00e9 des artistes, Argenteuil (Val d&rsquo;Oise<br \/>2023 &#8211; \u00ab\u00a0Peinture\u00a0\u00bb\u00a0Exposition personnelle, Galerie 39, Barbizon (Seine et Marne)<br \/>2023 &#8211; \u00ab\u00a034\u00e8me Salon des peintres et sculpteurs de Paris 15eme\u00a0\u00bb. Prix \u00ab\u00a0Coup de c\u0153ur\u00a0\u00bb d\u00e9cern\u00e9 par le jury \u00e0 la toile \u00ab\u00a0Reflets\u00a0\u00bb<br \/>2023 &#8211; Exposition personnelle, Arcadi Paris<br \/>2024 &#8211; \u00ab\u00a0De l&rsquo;un \u2026 \u00e0 l&rsquo;autre\u00a0\u00bb Exposition personnelle, Galerie 39 Barbizon (Seine et Marne)<br \/>2025 &#8211; Portes ouvertes des ateliers d&rsquo;artiste du XV\u00e8me arrondissement de Paris<br \/>2025 &#8211; \u00ab\u00a0Couleurs du temps\u00a0\u00bb Exposition personnelle, Galerie 39 Barbizon (Seine et Marne)<\/p>\n<p>\u00a0<\/p>\n\n\n\n","protected":false},"excerpt":{"rendered":"<p>2012 &#8211; \u00ab\u00a028\u00e8me Salon des peintres et sculpteurs de Paris 15eme\u00a0\u00bb2013 &#8211; \u00ab\u00a0Horizons lointains\u00a0\u00bb, Exposition personnelle, Arcadi Paris2013 &#8211; \u00ab\u00a0Rencontres \u00e9ph\u00e9m\u00e8res\u00a0\u00bb, Exposition collective, Alba la Romaine (Ard\u00e8che)2013 &#8211; \u00ab\u00a029\u00e8me Salon des peintres et sculpteurs de Paris 15eme\u00a0\u00bb2014 &#8211; \u00ab\u00a028\u00e8me Rencontres des peintres\u00a0\u00bb, Exposition collective, Saint-C\u00e9neri-le-G\u00e9rei (Orne)2015 &#8211; \u00ab\u00a019\u00e8me March\u00e9 d&rsquo;art contemporain\u00a0\u00bb, Exposition collective, La Perri\u00e8re [&hellip;]<\/p>\n","protected":false},"author":1,"featured_media":0,"parent":0,"menu_order":12,"comment_status":"closed","ping_status":"closed","template":"","meta":{"footnotes":""},"class_list":["post-118","page","type-page","status-publish","hentry"],"_links":{"self":[{"href":"https:\/\/www.dupoirier.com\/index.php?rest_route=\/wp\/v2\/pages\/118","targetHints":{"allow":["GET"]}}],"collection":[{"href":"https:\/\/www.dupoirier.com\/index.php?rest_route=\/wp\/v2\/pages"}],"about":[{"href":"https:\/\/www.dupoirier.com\/index.php?rest_route=\/wp\/v2\/types\/page"}],"author":[{"embeddable":true,"href":"https:\/\/www.dupoirier.com\/index.php?rest_route=\/wp\/v2\/users\/1"}],"replies":[{"embeddable":true,"href":"https:\/\/www.dupoirier.com\/index.php?rest_route=%2Fwp%2Fv2%2Fcomments&post=118"}],"version-history":[{"count":68,"href":"https:\/\/www.dupoirier.com\/index.php?rest_route=\/wp\/v2\/pages\/118\/revisions"}],"predecessor-version":[{"id":1019,"href":"https:\/\/www.dupoirier.com\/index.php?rest_route=\/wp\/v2\/pages\/118\/revisions\/1019"}],"wp:attachment":[{"href":"https:\/\/www.dupoirier.com\/index.php?rest_route=%2Fwp%2Fv2%2Fmedia&parent=118"}],"curies":[{"name":"wp","href":"https:\/\/api.w.org\/{rel}","templated":true}]}}