{"id":114,"date":"2014-10-01T18:31:46","date_gmt":"2014-10-01T17:31:46","guid":{"rendered":"http:\/\/www.dupoirier.com\/?page_id=114"},"modified":"2020-10-27T16:06:36","modified_gmt":"2020-10-27T15:06:36","slug":"acc","status":"publish","type":"page","link":"https:\/\/www.dupoirier.com\/","title":{"rendered":"ACCUEIL"},"content":{"rendered":"<p><em>La peinture est pour moi un moyen d\u2019expression direct de l\u2019\u00e9motion. Elle prend appui sur une r\u00e9alit\u00e9 et peut se traduire par une abstraction. Les paysages r\u00e9els et imaginaires, comme ceux de la peinture des si\u00e8cles pass\u00e9s, constituent une opportunit\u00e9 de cr\u00e9ation. Le geste rapide et le travail dans le frais sont des modalit\u00e9s d\u2019intervention qui me permettent de trouver l\u2019expression recherch\u00e9e sur le papier comme sur la toile.<\/p>\n<p><\/em><\/p>\n<p>Pour me contacter : peinture.dupoirier@gmail.com<\/p>\n","protected":false},"excerpt":{"rendered":"<p>La peinture est pour moi un moyen d\u2019expression direct de l\u2019\u00e9motion. Elle prend appui sur une r\u00e9alit\u00e9 et peut se traduire par une abstraction. Les paysages r\u00e9els et imaginaires, comme ceux de la peinture des si\u00e8cles pass\u00e9s, constituent une opportunit\u00e9 de cr\u00e9ation. Le geste rapide et le travail dans le frais sont des modalit\u00e9s d\u2019intervention [&hellip;]<\/p>\n","protected":false},"author":1,"featured_media":0,"parent":0,"menu_order":0,"comment_status":"closed","ping_status":"open","template":"","meta":{"footnotes":""},"class_list":["post-114","page","type-page","status-publish","hentry"],"_links":{"self":[{"href":"https:\/\/www.dupoirier.com\/index.php?rest_route=\/wp\/v2\/pages\/114","targetHints":{"allow":["GET"]}}],"collection":[{"href":"https:\/\/www.dupoirier.com\/index.php?rest_route=\/wp\/v2\/pages"}],"about":[{"href":"https:\/\/www.dupoirier.com\/index.php?rest_route=\/wp\/v2\/types\/page"}],"author":[{"embeddable":true,"href":"https:\/\/www.dupoirier.com\/index.php?rest_route=\/wp\/v2\/users\/1"}],"replies":[{"embeddable":true,"href":"https:\/\/www.dupoirier.com\/index.php?rest_route=%2Fwp%2Fv2%2Fcomments&post=114"}],"version-history":[{"count":12,"href":"https:\/\/www.dupoirier.com\/index.php?rest_route=\/wp\/v2\/pages\/114\/revisions"}],"predecessor-version":[{"id":932,"href":"https:\/\/www.dupoirier.com\/index.php?rest_route=\/wp\/v2\/pages\/114\/revisions\/932"}],"wp:attachment":[{"href":"https:\/\/www.dupoirier.com\/index.php?rest_route=%2Fwp%2Fv2%2Fmedia&parent=114"}],"curies":[{"name":"wp","href":"https:\/\/api.w.org\/{rel}","templated":true}]}}